{"id":573,"date":"2022-09-14T08:19:54","date_gmt":"2022-09-14T06:19:54","guid":{"rendered":"https:\/\/via-cultura.sk\/about-us\/objective\/"},"modified":"2022-09-14T08:19:54","modified_gmt":"2022-09-14T06:19:54","slug":"objective","status":"publish","type":"page","link":"https:\/\/via-cultura.sk\/en\/about-us\/objective\/","title":{"rendered":"Objective"},"content":{"rendered":"<p>Zmena, ktorej sa mnoh\u00ed z n\u00e1s vyh\u00fdbaj\u00fa a sna\u017eia sa ju zadr\u017ea\u0165, je \u017eivot, p\u00ed\u0161e sa v m\u00fadrych knih\u00e1ch. Aj my, vo VIA CULTURA sme sa zmenili. Otv\u00e1rame sa nielen nielen osloven\u00fdm expertom, ale v\u00e1m v\u0161etk\u00fdm, ktor\u00fdm nie je \u013eahostajn\u00fd stav kult\u00farneho prostredia, riadenia ve\u013ek\u00fdch kult\u00farnych projektov a kult\u00farna, nielen umeleck\u00e1 atmosf\u00e9ra v Slovensku. Na na\u0161om zmodernizovanom port\u00e1li budeme m\u00f4c\u0165 slobodnej\u0161ie uverej\u0148ova\u0165 vlastn\u00e9 my\u0161lienky a diskutova\u0165 .<\/p>\n<p>Sme presved\u010den\u00ed, \u017ee Slovensko dnes stoj\u00ed na priam civiliza\u010dnej kri\u017eovatke. Politicky sme ju u\u017e na 80 percent zvl\u00e1dli. Sed\u00edme za stolom s na\u0161imi eur\u00f3pskymi susedmi, m\u00e1me spojencov v euroatlantickom priestore, v pe\u0148a\u017eenk\u00e1ch siln\u00fa spolo\u010dn\u00fa menu a na cestovanie nielen\u017ee nepotrebujeme dolo\u017eku a pas, ale ani v\u00edza. To je obrovsk\u00fd kult\u00farny skok, ktor\u00fd sme urobili v minul\u00fdch desa\u0165ro\u010diach a mali by sme by\u0165 na\u0148 hrd\u00ed. Zvl\u00e1dli sme ho.<\/p>\n<p>Hospod\u00e1rsky sme integrovan\u00ed s najvyspelej\u0161\u00edmi \u0161t\u00e1tmi na plan\u00e9te a aj ke\u010f iste m\u00e1me priestor na kritiku, pos\u00favame sa na pomyselnej trajekt\u00f3rii st\u00e1le k lep\u0161ej bud\u00facnosti pre na\u0161e deti a vn\u00fa\u010dat\u00e1. Spolu so svetom rie\u0161ime v\u00fdzvy doby a vymanili sme sa z presved\u010denia na\u0161ich rodo\u013eubov spred 100 rokov, ktor\u00ed n\u00e1s presvied\u010dali, \u017ee na to \u201ee\u0161te\u201c nem\u00e1me. Mnoh\u00ed ich predpove\u010f, ktor\u00e1 znamenala izolovanie sa od eur\u00f3pskych pohybov, donekone\u010dna opakuj\u00fa a myslia si, \u017ee t\u00fdm zmeny zastavia. Vojna v Ukrajine bude znamena\u0165 ve\u013ek\u00fa cez\u00faru a posunie n\u00e1s ku kult\u00farnym zmen\u00e1m, o ktor\u00fdch sme st\u00e1le hovorili, ale do ktor\u00fdch sa n\u00e1m akosi nechcelo. \u010cakali sme, \u010di \u201ezhora\u201c nepr\u00edde impulz namiesto toho, aby sme ju urobili sami. Ukrajinsk\u00ed hrdinovia n\u00e1s k nej popchn\u00fa., o tom sme vo Via Cultura presved\u010den\u00ed. Ni\u010d u\u017e nebude tak\u00e9, ako predt\u00fdm.<\/p>\n<p>Aby n\u00e1m nech\u00fdbal spolo\u010dn\u00fd \u0165ah dopredu, a zmysluplno dlhodob\u00fd politicky podporen\u00fd pl\u00e1n,, sta\u010d\u00ed spolupr\u00e1ca niektor\u00fdch z n\u00e1s. Zmenu predsa nerobia masy, ale jednotlivci, ktor\u00ed sa pre \u0148u rozhodn\u00fa a ktor\u00ed s\u00fa u\u017e dlh\u0161ie na \u0148u pripraven\u00ed.<\/p>\n<p>\u010co mus\u00edme zmeni\u0165?<br \/>\nV prvom rade na\u0161e myslenie. U\u017e nesta\u010d\u00ed presadzova\u0165 len viacej pe\u0148az\u00ed do fondov, potrebujeme civiliza\u010dn\u00fa zmenu. Ako prv\u00e9 mus\u00edme kriticky vysvetli\u0165 a zmeni\u0165 nar\u00e1ciu, ako sa moderne hovor\u00ed a na\u0161e vyp\u00e1chnut\u00e9 n\u00e1rodn\u00e9 rozpr\u00e1vky rodom z 19.storo\u010dia o tom, ako aj hl\u00fapy Jano m\u00f4\u017ee by\u0165 kr\u00e1\u013eom, \u017ee sme tak\u00ed \u00faboh\u00ed a biedni, \u017ee bieda u n\u00e1s pi\u0161t\u00ed v ka\u017edom k\u00fate a \u017ee n\u00e1s m\u00f4\u017ee zachr\u00e1ni\u0165 len z\u00e1zra\u010dn\u00e9 objavenie sa anjelov rovno z neba. Aj preto n\u00e1s mlad\u00e9 mozgy st\u00e1ro\u010dia op\u00fa\u0161\u0165aj\u00fa a obohacuj\u00fa svojim talentom okolit\u00e9 \u0161t\u00e1ty, ktor\u00e9 si u\u017e vybudovali nov\u00e9 imagin\u00e1rium.<\/p>\n<p>Druh\u00e1 \u00faloha na n\u00e1s \u010dak\u00e1 u\u017e nieko\u013eko desa\u0165ro\u010d\u00ed. Mus\u00edme si uvedomi\u0165, \u017ee uhorsk\u00e1 880 ro\u010dn\u00e1 hist\u00f3ria je aj na\u0161a, ako n\u00e1s k tomu vyz\u00fdval u\u017e pred 30. rokmi historik \u013d. Lipt\u00e1k. Nechali sme si ju zobra\u0165 romantikmi, ktor\u00ed sa zamilovali do dedinsk\u00fdch diev\u010dat, ako sa na t\u00fa dobu patrilo. Ale dnes u\u017e vieme, \u017ee \u00fazemia, ktor\u00e9 ob\u00fdvame so svojim nerastn\u00fdm bohatstvom a in\u017einierskymi mozgami z celej Eur\u00f3py vytvorili z Uhorsk\u00e9ho kr\u00e1\u013eovstva jednu z najbohat\u0161\u00edch monarchi\u00ed Eur\u00f3py. A kone\u010dne mus\u00edme posla\u0165 do arch\u00edvov \u0161t\u00farovsko-min\u00e1\u010dovsk\u00fa predstavu, \u017ee na\u0161i predkovia boli len t\u00ed, \u010do si zohrievali bos\u00e9 nohy v chladn\u00facom popole. Skr\u00e1tka, kone\u010dne sa mus\u00edme vzda\u0165 predstavy, \u017ee sme st\u00e1le chudobn\u00ed plebejci. Je to boles\u0165, ktor\u00e1 n\u00e1m br\u00e1ni sa nad\u00fdchnu\u0165. \u0164a\u017eiv\u00fd kame\u0148. Trauma.<br \/>\nKo\u013eko tak\u00fdch tr\u00e1um si ako spolo\u010dnos\u0165 nesieme na pleciach, \u017ee je tak n\u00e1ro\u010dn\u00e9 posun\u00fa\u0165 sa z miesta? St\u00e1le detsky ver\u00edme na J\u00e1no\u0161\u00edka, ako n\u00e1s z\u00e1zra\u010dne zachr\u00e1ni. Zoberie bohat\u00fdm, n\u00e1m rozd\u00e1. De\u0165om o tom hovor\u00edme v rozpr\u00e1vkach, ale v h\u013abke du\u0161e v to ver\u00edme aj my. Politick\u00e9 vo\u013eby n\u00e1m to v\u017edy pripomen\u00fa. Traumatick\u00e9 situ\u00e1cie sa cyklicky opakuj\u00fa.<\/p>\n<p>Stredn\u00e1 Eur\u00f3pa, kde n\u00e1m prichod\u00ed \u017ei\u0165 na\u0161e \u017eivoty, nie je mil\u00e1 pokojn\u00e1 \u010das\u0165 Eur\u00f3py, za osud ktorej nenesieme \u017eiadnu zodpovednos\u0165. Nem\u00f4\u017eeme sa vyhov\u00e1ra\u0165, \u00fde sme boli v\u017edy len obe\u0165ou t\u00fdch mocnej\u0161\u00edch. Prihl\u00e1si\u0165 sa k mo\u017enosti ovplyv\u0148ova\u0165 jej osud je \u010fal\u0161\u00edm krokom, ktor\u00fd mus\u00edme urobi\u0165 a jeho v\u00fdsledky prezentova\u0165 na\u0161im spoluob\u010danom. Viktimiz\u00e1cia, ako sa tomu odborne hovor\u00ed, bola nieko\u013eko rokov celkom \u00faspe\u0161n\u00e1 strat\u00e9gia na pre\u017eitie v nehostinnom prostred\u00ed druhej polovice 19.storo\u010dia, ale dnes je brzdou n\u00e1\u0161ho modern\u00e9ho eur\u00f3pskeho \u0161t\u00e1tu.<\/p>\n<p>Kde le\u017e\u00ed ten pes zakopan\u00fd?<br \/>\nV kult\u00fare. Kult\u00fara je terapia, zrkadlo, zracionalizuje to, \u010do bol\u00ed. Invest\u00edcia do kult\u00fary je invest\u00edcia, aby n\u00e1\u0161 n\u00e1rod vyr\u00e1stol, dospel, vyzdravel. Potrebujeme urgentne nov\u00e9 origin\u00e1lne pr\u00edbehy, nov\u00e9 rozpr\u00e1vky pre Slovensk\u00fa republiku, ktor\u00e9 nem\u00f4\u017eu vytvori\u0165 ekon\u00f3movia a politici, ale len a v\u00fdlu\u010dne umelci. Spisovatelia, scen\u00e1risti, v\u00fdtvarn\u00edci, divadeln\u00edci, film\u00e1ri a v\u0161etci tvoriv\u00ed \u013eudia, ktor\u00ed s nami zdie\u013eaj\u00fa osud Slovenska. T\u00fato skuto\u010dnos\u0165 nepochopili v\u00fdznamn\u00ed tvorcovia ekonomick\u00fdch reforiem, ani dne\u0161n\u00ed politici, ktor\u00ed by radi zakonzervovali Slovensko na za\u010diatku 19.storo\u010dia, alebo aspo\u0148 v obdob\u00ed pred II. vatik\u00e1nskym koncilom, hoci sa n\u00e1jdu aj tak\u00ed, ktor\u00ed by chceli vymaza\u0165 z dej\u00edn cel\u00e9 osvietenstvo.<\/p>\n<p>Port\u00e1l VIA CULTURA pon\u00faka otvoren\u00e9 prostredie na zhroma\u017edenie my\u0161lienok, pl\u00e1nov a projektov, ktor\u00e9 n\u00e1s nadchn\u00fa a posun\u00fa od rozpr\u00e1vok o plebejcoch do sveta rozpr\u00e1vok o \u00faspe\u0161n\u00fdch, kult\u00farne vyspel\u00fdch ob\u010diankach a ob\u010danoch Slovenskej republiky.<\/p>\n","protected":false},"excerpt":{"rendered":"<p>Zmena, ktorej sa mnoh\u00ed z n\u00e1s vyh\u00fdbaj\u00fa a sna\u017eia sa ju zadr\u017ea\u0165, je \u017eivot, p\u00ed\u0161e sa v m\u00fadrych knih\u00e1ch. Aj my, vo VIA CULTURA sme sa zmenili. Otv\u00e1rame sa nielen nielen osloven\u00fdm expertom, ale v\u00e1m v\u0161etk\u00fdm, ktor\u00fdm nie je \u013eahostajn\u00fd stav kult\u00farneho prostredia, riadenia ve\u013ek\u00fdch kult\u00farnych projektov a kult\u00farna, nielen umeleck\u00e1 atmosf\u00e9ra v Slovensku. Na [&hellip;]<\/p>\n","protected":false},"author":1,"featured_media":0,"parent":572,"menu_order":0,"comment_status":"closed","ping_status":"closed","template":"","meta":{"footnotes":""},"class_list":["post-573","page","type-page","status-publish","hentry"],"_links":{"self":[{"href":"https:\/\/via-cultura.sk\/en\/wp-json\/wp\/v2\/pages\/573","targetHints":{"allow":["GET"]}}],"collection":[{"href":"https:\/\/via-cultura.sk\/en\/wp-json\/wp\/v2\/pages"}],"about":[{"href":"https:\/\/via-cultura.sk\/en\/wp-json\/wp\/v2\/types\/page"}],"author":[{"embeddable":true,"href":"https:\/\/via-cultura.sk\/en\/wp-json\/wp\/v2\/users\/1"}],"replies":[{"embeddable":true,"href":"https:\/\/via-cultura.sk\/en\/wp-json\/wp\/v2\/comments?post=573"}],"version-history":[{"count":0,"href":"https:\/\/via-cultura.sk\/en\/wp-json\/wp\/v2\/pages\/573\/revisions"}],"up":[{"embeddable":true,"href":"https:\/\/via-cultura.sk\/en\/wp-json\/wp\/v2\/pages\/572"}],"wp:attachment":[{"href":"https:\/\/via-cultura.sk\/en\/wp-json\/wp\/v2\/media?parent=573"}],"curies":[{"name":"wp","href":"https:\/\/api.w.org\/{rel}","templated":true}]}}