{"id":572,"date":"2022-09-14T08:05:29","date_gmt":"2022-09-14T06:05:29","guid":{"rendered":"https:\/\/via-cultura.sk\/about-us\/"},"modified":"2022-10-12T18:09:08","modified_gmt":"2022-10-12T16:09:08","slug":"about-us","status":"publish","type":"page","link":"https:\/\/via-cultura.sk\/en\/about-us\/","title":{"rendered":"About Us"},"content":{"rendered":"<h4><a href=\"https:\/\/via-cultura.sk\/en\/about-us\/objective\/\">Objective<\/a> | <a href=\"https:\/\/via-cultura.sk\/en\/about-us\/statutes\/\">Statutes<\/a> | <a href=\"https:\/\/via-cultura.sk\/en\/about-us\/activity-reports\/\">Activity reports<\/a> | <a href=\"https:\/\/via-cultura.sk\/en\/about-us\/supported-by\/\">Supported by<\/a><\/h4>\n<p>&nbsp;<\/p>\n<p><img loading=\"lazy\" decoding=\"async\" class=\"alignnone size-medium wp-image-468\" src=\"https:\/\/via-cultura.sk\/wp-content\/uploads\/2022\/09\/Magda_KRUH-300x300.jpg\" alt=\"\" width=\"300\" height=\"300\" srcset=\"https:\/\/via-cultura.sk\/wp-content\/uploads\/2022\/09\/Magda_KRUH-300x300.jpg 300w, https:\/\/via-cultura.sk\/wp-content\/uploads\/2022\/09\/Magda_KRUH-150x150.jpg 150w, https:\/\/via-cultura.sk\/wp-content\/uploads\/2022\/09\/Magda_KRUH.jpg 500w\" sizes=\"auto, (max-width: 300px) 100vw, 300px\" \/><\/p>\n<h3><b>Magdal\u00e9na V\u00e1\u0161\u00e1ryov\u00e1<\/b><\/h3>\n<p>2006 \u2013 Zakladate\u013eka a predsedn\u00ed\u010dka Spr\u00e1vnej rady Via Cultura (NGO), <b>zakladate\u013eka In\u0161tit\u00fatu pre kult\u00farnu politiku<\/b><\/p>\n<p>2006 \u2013 2016<b> \u2013 \u010clenka V\u00fdboru pre kult\u00faru a m\u00e9di\u00e1 N\u00e1rodnej rady SR<\/b><\/p>\n<p>2006 \u2013 2013 \u2013 \u010dlenka Programov\u00e9ho v\u00fdboru <b>Medzin\u00e1rodn\u00e9ho kult\u00farneho centra v Krakove<\/b><\/p>\n<p>2006 \u2013 2016 <b>tie\u0148ov\u00e1 ministerka kult\u00fary politick\u00e9ho subjektu <\/b> SDK\u00da-DS<\/p>\n<p>2007 \u2013 2012 \u2013 partnerka projektu <b>Gypsy Spirit<\/b><\/p>\n<p>2013 \u2013 predsedn\u00ed\u010dka najstar\u0161ieho slovensk\u00e9ho spolku \u017eien <b>\u017divena, spolok slovensk\u00fdch \u017eien<\/b><\/p>\n<p>2012 \u2013 2018 \u2013 v\u00fdkonn\u00e1 mana\u017e\u00e9rka <b>Komunitn\u00e9ho a kult\u00farneho centra Star\u00e9ho Mesta Bratislava, Pistoriho pal\u00e1c<\/b><\/p>\n<p>2000 \u2013 s\u00fa\u010dasnos\u0165 \u2013 <b>z\u00e1\u0161tita nad projektom UNESCO<\/b> Z\u00e1chrana dreven\u00fdch kostol\u00edkov, Kalv\u00e1ria v Banskej \u0160tiavnici, Gotick\u00e9 kostoly na Ju\u017enom Slovensku<\/p>\n<p>2000 \u2013 s\u00fa\u010dasnos\u0165 \u2013 patr\u00f3nka kult\u00farno-komunitn\u00fdch projektov <b>\u017dilina Stani\u010dka, Divadlo P\u00f4to\u0148<\/b><\/p>\n<p>1994 \u2013 2004 \u2013 projektov\u00e1 mana\u017e\u00e9rka <b>\u010cesk\u00e9ho paralympijsk\u00e9ho t\u00edmu<\/b><\/p>\n<p>1993 \u2013 2000 \u2013 zakladate\u013eka a riadite\u013eka <b>Slovenskej asoci\u00e1cie pre zahrani\u010dn\u00fa politiku<\/b><\/p>\n<p>1971 \u2013 <b>magistersk\u00fd titul<\/b> zo sociol\u00f3gie, Univerzita Komensk\u00e9ho, Bratislava<\/p>\n<p>Dr\u017eite\u013eka <b>ocenen\u00ed a vyznamenan\u00ed<\/b> v oblasti medzin\u00e1rodn\u00fdch vz\u0165ahov a kult\u00fary. Autorka <b>kn\u00edh, \u010dl\u00e1nkov a esej\u00ed<\/b> na t\u00e9mu kult\u00fary a kult\u00farnej politiky.<br \/>\n&nbsp;<\/p>\n<p><img loading=\"lazy\" decoding=\"async\" class=\"alignnone size-medium wp-image-469\" src=\"https:\/\/via-cultura.sk\/wp-content\/uploads\/2022\/09\/Martin_KRUH-300x300.jpg\" alt=\"\" width=\"300\" height=\"300\" srcset=\"https:\/\/via-cultura.sk\/wp-content\/uploads\/2022\/09\/Martin_KRUH-300x300.jpg 300w, https:\/\/via-cultura.sk\/wp-content\/uploads\/2022\/09\/Martin_KRUH-150x150.jpg 150w, https:\/\/via-cultura.sk\/wp-content\/uploads\/2022\/09\/Martin_KRUH.jpg 500w\" sizes=\"auto, (max-width: 300px) 100vw, 300px\" \/><\/p>\n<h3><strong>Martin Katu\u0161\u010d\u00e1k<\/strong><\/h3>\n<p>Projektov\u00fd mana\u017e\u00e9r<strong> Via cultura; In\u0161tit\u00fat pre kult\u00farnu politiku.<\/strong><\/p>\n<p>2013 PhD. v odbore kni\u017eni\u010dno-informa\u010dn\u00e9 \u0161t\u00fadi\u00e1, mediamatika a kult\u00farne dedi\u010dstvo<\/p>\n<p>2004 University of Edinburgh, University Library; odborn\u00e1 st\u00e1\u017e<\/p>\n<p>2003 \u2013 2010 Slovensk\u00e1 n\u00e1rodn\u00e1 kni\u017enica; Metodologick\u00e1 a odborn\u00e1 n\u00e1rodn\u00e1 koordin\u00e1cia produkcie a spr\u00e1vy digit\u00e1lneho obsahu Slovenskej digit\u00e1lnej kni\u017enice, \u00fa\u010das\u0165 v pracovn\u00fdch skupin\u00e1ch medzin\u00e1rodn\u00fdch projektov MINERVA EC, TEL Plus, EDLnet, TEL-ME-MOR<\/p>\n<p>2003 \u2013 2005 Ministerstvo kult\u00fary SR; Expert na digitaliz\u00e1ciu, digit\u00e1lne spr\u00edstupnenie a digit\u00e1lne uchov\u00e1vanie kult\u00farneho a vedeck\u00e9ho dedi\u010dstva zastupuj\u00faci Slovensk\u00fa republiku v eur\u00f3pskych skupin\u00e1ch a sie\u0165ach<\/p>\n<p>2000 \u2013 2002 \u010casopis Pochody; V\u00fdkonn\u00fd \u010dlen Hlavnej redak\u010dnej rady; Vyd\u00e1vanie \u201esamizdatov\u00e9ho\u201c \u010dasopisu pre umenie a literat\u00faru<\/p>\n<p>&nbsp;<\/p>\n<p><b><img loading=\"lazy\" decoding=\"async\" class=\"alignnone size-medium wp-image-467\" src=\"https:\/\/via-cultura.sk\/wp-content\/uploads\/2022\/09\/Jana_KRUH-300x300.jpg\" alt=\"\" width=\"300\" height=\"300\" srcset=\"https:\/\/via-cultura.sk\/wp-content\/uploads\/2022\/09\/Jana_KRUH-300x300.jpg 300w, https:\/\/via-cultura.sk\/wp-content\/uploads\/2022\/09\/Jana_KRUH-150x150.jpg 150w, https:\/\/via-cultura.sk\/wp-content\/uploads\/2022\/09\/Jana_KRUH.jpg 500w\" sizes=\"auto, (max-width: 300px) 100vw, 300px\" \/><\/b><\/p>\n<h3><b>Jana Javorsk\u00e1<\/b><b><\/b><\/h3>\n<p>Projektov\u00e1 mana\u017e\u00e9rka <b><strong>Via cultura; In\u0161tit\u00fat pre kult\u00farnu politiku<\/strong>.<\/b><\/p>\n<p>V roku 2014 ukon\u010dila doktorandsk\u00e9 \u0161t\u00fadium na Divadelnej fakulte Vysokej \u0161kole m\u00fazick\u00fdch umen\u00ed, kde v s\u00fa\u010dasnosti p\u00f4sob\u00ed ako pedag\u00f3g Katedry divadeln\u00e9ho mana\u017ementu.<\/p>\n<p>2012 <b>Goldsmiths University of London<\/b>, Arts and Administration of Culture, odborn\u00e1 st\u00e1\u017e<\/p>\n<p>2009 \u2013 2012 <b>Divadlo Ar\u00e9na<\/b>, marketing and PR, produkcia, asistentka r\u00e9\u017eie<\/p>\n<p>2010 <b>Slovensk\u00e9 n\u00e1rodn\u00e9 divadlo<\/b>, asistentka ved\u00facej umeleckej prev\u00e1dzky, \u0161tudentsk\u00e1 prax<\/p>\n<p>2008\/2009 <b>Akademie m\u00fazick\u00fdch um\u011bn\u00ed v Praze, Divadeln\u00ed fakulta, Katedra produkce<\/b>, \u0161tudijn\u00e1 st\u00e1\u017e<\/p>\n<p>2008, 2010, 2012<b> Festival Istropolitana<\/b>, v\u00fdkonn\u00e1 mana\u017e\u00e9rka, supervising, koordin\u00e1cia<\/p>\n<p><strong>Autorka blogu <b>Pro_kult\u00farne zameran\u00e9ho na meranie v\u00fdkonnosti <\/b>kult\u00fary a kult\u00farnych in\u0161tit\u00faci\u00ed. <\/strong><\/p>\n","protected":false},"excerpt":{"rendered":"<p>Objective | Statutes | Activity reports | Supported by &nbsp; Magdal\u00e9na V\u00e1\u0161\u00e1ryov\u00e1 2006 \u2013 Zakladate\u013eka a predsedn\u00ed\u010dka Spr\u00e1vnej rady Via Cultura (NGO), zakladate\u013eka In\u0161tit\u00fatu pre kult\u00farnu politiku 2006 \u2013 2016 \u2013 \u010clenka V\u00fdboru pre kult\u00faru a m\u00e9di\u00e1 N\u00e1rodnej rady SR 2006 \u2013 2013 \u2013 \u010dlenka Programov\u00e9ho v\u00fdboru Medzin\u00e1rodn\u00e9ho kult\u00farneho centra v Krakove 2006 \u2013 2016 [&hellip;]<\/p>\n","protected":false},"author":1,"featured_media":0,"parent":0,"menu_order":0,"comment_status":"closed","ping_status":"closed","template":"","meta":{"footnotes":""},"class_list":["post-572","page","type-page","status-publish","hentry"],"_links":{"self":[{"href":"https:\/\/via-cultura.sk\/en\/wp-json\/wp\/v2\/pages\/572","targetHints":{"allow":["GET"]}}],"collection":[{"href":"https:\/\/via-cultura.sk\/en\/wp-json\/wp\/v2\/pages"}],"about":[{"href":"https:\/\/via-cultura.sk\/en\/wp-json\/wp\/v2\/types\/page"}],"author":[{"embeddable":true,"href":"https:\/\/via-cultura.sk\/en\/wp-json\/wp\/v2\/users\/1"}],"replies":[{"embeddable":true,"href":"https:\/\/via-cultura.sk\/en\/wp-json\/wp\/v2\/comments?post=572"}],"version-history":[{"count":1,"href":"https:\/\/via-cultura.sk\/en\/wp-json\/wp\/v2\/pages\/572\/revisions"}],"predecessor-version":[{"id":601,"href":"https:\/\/via-cultura.sk\/en\/wp-json\/wp\/v2\/pages\/572\/revisions\/601"}],"wp:attachment":[{"href":"https:\/\/via-cultura.sk\/en\/wp-json\/wp\/v2\/media?parent=572"}],"curies":[{"name":"wp","href":"https:\/\/api.w.org\/{rel}","templated":true}]}}