{"id":561,"date":"2022-09-14T08:05:57","date_gmt":"2022-09-14T06:05:57","guid":{"rendered":"https:\/\/via-cultura.sk\/projects\/"},"modified":"2022-10-11T13:07:32","modified_gmt":"2022-10-11T11:07:32","slug":"projects","status":"publish","type":"page","link":"https:\/\/via-cultura.sk\/en\/projects\/","title":{"rendered":"Projects"},"content":{"rendered":"\t\t<div data-elementor-type=\"wp-page\" data-elementor-id=\"561\" class=\"elementor elementor-561 elementor-34\" data-elementor-post-type=\"page\">\n\t\t\t\t\t\t<section class=\"elementor-section elementor-top-section elementor-element elementor-element-99b4850 elementor-section-boxed elementor-section-height-default elementor-section-height-default\" data-id=\"99b4850\" data-element_type=\"section\">\n\t\t\t\t\t\t<div class=\"elementor-container elementor-column-gap-default\">\n\t\t\t\t\t<div class=\"elementor-column elementor-col-100 elementor-top-column elementor-element elementor-element-e6fb0e5\" data-id=\"e6fb0e5\" data-element_type=\"column\">\n\t\t\t<div class=\"elementor-widget-wrap elementor-element-populated\">\n\t\t\t\t\t\t<div class=\"elementor-element elementor-element-44c6a7c elementor-grid-1 elementor-grid-tablet-1 elementor-grid-mobile-1 elementor-posts--thumbnail-top load-more-align-center elementor-widget elementor-widget-posts\" data-id=\"44c6a7c\" data-element_type=\"widget\" data-settings=\"{&quot;classic_columns&quot;:&quot;1&quot;,&quot;classic_columns_tablet&quot;:&quot;1&quot;,&quot;pagination_type&quot;:&quot;load_more_on_click&quot;,&quot;classic_columns_mobile&quot;:&quot;1&quot;,&quot;classic_row_gap&quot;:{&quot;unit&quot;:&quot;px&quot;,&quot;size&quot;:35,&quot;sizes&quot;:[]},&quot;classic_row_gap_tablet&quot;:{&quot;unit&quot;:&quot;px&quot;,&quot;size&quot;:&quot;&quot;,&quot;sizes&quot;:[]},&quot;classic_row_gap_mobile&quot;:{&quot;unit&quot;:&quot;px&quot;,&quot;size&quot;:&quot;&quot;,&quot;sizes&quot;:[]},&quot;load_more_spinner&quot;:{&quot;value&quot;:&quot;fas fa-spinner&quot;,&quot;library&quot;:&quot;fa-solid&quot;}}\" data-widget_type=\"posts.classic\">\n\t\t\t\t<div class=\"elementor-widget-container\">\n\t\t\t\t\t\t\t<div class=\"elementor-posts-container elementor-posts elementor-posts--skin-classic elementor-grid\">\n\t\t\t\t<article class=\"elementor-post elementor-grid-item post-599 projekt type-projekt status-publish hentry\">\n\t\t\t\t<div class=\"elementor-post__text\">\n\t\t\t\t<h3 class=\"elementor-post__title\">\n\t\t\t<a href=\"https:\/\/via-cultura.sk\/en\/projekt\/memogym-strengthening-the-european-memory\/\" >\n\t\t\t\tMemoGym: Strengthening the European Memory\t\t\t<\/a>\n\t\t<\/h3>\n\t\t\t\t<div class=\"elementor-post__meta-data\">\n\t\t\t\t\t<span class=\"elementor-post-date\">\n\t\t\t19. September 2022\t\t<\/span>\n\t\t\t\t<\/div>\n\t\t\t\t<div class=\"elementor-post__excerpt\">\n\t\t\t<p>An educational project to strengthen historical memory in the spirit of European values, focusing in particular on the attractiveness of the way of communication with<\/p>\n\t\t<\/div>\n\t\t\n\t\t<a class=\"elementor-post__read-more\" href=\"https:\/\/via-cultura.sk\/en\/projekt\/memogym-strengthening-the-european-memory\/\" aria-label=\"Read more about MemoGym: Strengthening the European Memory\" tabindex=\"-1\" >\n\t\t\tread more \u00bb\t\t<\/a>\n\n\t\t\t\t<\/div>\n\t\t\t\t<\/article>\n\t\t\t\t<article class=\"elementor-post elementor-grid-item post-297 projekt type-projekt status-publish hentry\">\n\t\t\t\t<div class=\"elementor-post__text\">\n\t\t\t\t<h3 class=\"elementor-post__title\">\n\t\t\t<a href=\"https:\/\/via-cultura.sk\/en\/projekt\/rukovat-kulturnej-politiky-ii-dostupnost-a-participacia-na-kulture\/\" >\n\t\t\t\tRukov\u00e4\u0165 kult\u00farnej politiky II. Dostupnos\u0165 a particip\u00e1cia na kult\u00fare\t\t\t<\/a>\n\t\t<\/h3>\n\t\t\t\t<div class=\"elementor-post__meta-data\">\n\t\t\t\t\t<span class=\"elementor-post-date\">\n\t\t\t19. September 2022\t\t<\/span>\n\t\t\t\t<\/div>\n\t\t\t\t<div class=\"elementor-post__excerpt\">\n\t\t\t<p>Miera dostupnosti a anga\u017eovanosti konzumentov kult\u00fary v slovenskej kult\u00farnej ponuke (H\u013ead\u00e1me cie\u013eov\u00fa skupinu pre slovensk\u00fa kult\u00faru) \u25cf Maj\u00fa Slov\u00e1ci z\u00e1ujem o kult\u00faru? \u25cf Pon\u00fakame im<\/p>\n\t\t<\/div>\n\t\t\n\t\t<a class=\"elementor-post__read-more\" href=\"https:\/\/via-cultura.sk\/en\/projekt\/rukovat-kulturnej-politiky-ii-dostupnost-a-participacia-na-kulture\/\" aria-label=\"Read more about Rukov\u00e4\u0165 kult\u00farnej politiky II. Dostupnos\u0165 a particip\u00e1cia na kult\u00fare\" tabindex=\"-1\" >\n\t\t\tread more \u00bb\t\t<\/a>\n\n\t\t\t\t<\/div>\n\t\t\t\t<\/article>\n\t\t\t\t<article class=\"elementor-post elementor-grid-item post-295 projekt type-projekt status-publish hentry\">\n\t\t\t\t<div class=\"elementor-post__text\">\n\t\t\t\t<h3 class=\"elementor-post__title\">\n\t\t\t<a href=\"https:\/\/via-cultura.sk\/en\/projekt\/rukovat-kulturnej-politiky-i-financovanie-kultury\/\" >\n\t\t\t\tRukov\u00e4\u0165 kult\u00farnej politiky I. Financovanie kult\u00fary\t\t\t<\/a>\n\t\t<\/h3>\n\t\t\t\t<div class=\"elementor-post__meta-data\">\n\t\t\t\t\t<span class=\"elementor-post-date\">\n\t\t\t19. September 2022\t\t<\/span>\n\t\t\t\t<\/div>\n\t\t\t\t<div class=\"elementor-post__excerpt\">\n\t\t\t\t\t<\/div>\n\t\t\n\t\t<a class=\"elementor-post__read-more\" href=\"https:\/\/via-cultura.sk\/en\/projekt\/rukovat-kulturnej-politiky-i-financovanie-kultury\/\" aria-label=\"Read more about Rukov\u00e4\u0165 kult\u00farnej politiky I. Financovanie kult\u00fary\" tabindex=\"-1\" >\n\t\t\tread more \u00bb\t\t<\/a>\n\n\t\t\t\t<\/div>\n\t\t\t\t<\/article>\n\t\t\t\t<article class=\"elementor-post elementor-grid-item post-294 projekt type-projekt status-publish hentry\">\n\t\t\t\t<div class=\"elementor-post__text\">\n\t\t\t\t<h3 class=\"elementor-post__title\">\n\t\t\t<a href=\"https:\/\/via-cultura.sk\/en\/projekt\/co-po-nas-zostane-buducim-generaciam-kolko-investujeme-do-sucasnej-tvorby\/\" >\n\t\t\t\t\u010co po n\u00e1s zostane bud\u00facim gener\u00e1ci\u00e1m? Ko\u013eko investujeme do s\u00fa\u010dasnej tvorby?\t\t\t<\/a>\n\t\t<\/h3>\n\t\t\t\t<div class=\"elementor-post__meta-data\">\n\t\t\t\t\t<span class=\"elementor-post-date\">\n\t\t\t19. September 2022\t\t<\/span>\n\t\t\t\t<\/div>\n\t\t\t\t<div class=\"elementor-post__excerpt\">\n\t\t\t<p>Pre\u010do potrebujeme projekt Rukov\u00e4\u0165 slovenskej kult\u00farnej politiky? \u2026 V s\u00favislosti s hodnoten\u00edm financovania kult\u00fary z verejn\u00fdch zdrojov nar\u00e1\u017eame v IKP na probl\u00e9m, \u017ee nie sme<\/p>\n\t\t<\/div>\n\t\t\n\t\t<a class=\"elementor-post__read-more\" href=\"https:\/\/via-cultura.sk\/en\/projekt\/co-po-nas-zostane-buducim-generaciam-kolko-investujeme-do-sucasnej-tvorby\/\" aria-label=\"Read more about \u010co po n\u00e1s zostane bud\u00facim gener\u00e1ci\u00e1m? Ko\u013eko investujeme do s\u00fa\u010dasnej tvorby?\" tabindex=\"-1\" >\n\t\t\tread more \u00bb\t\t<\/a>\n\n\t\t\t\t<\/div>\n\t\t\t\t<\/article>\n\t\t\t\t<article class=\"elementor-post elementor-grid-item post-293 projekt type-projekt status-publish hentry\">\n\t\t\t\t<div class=\"elementor-post__text\">\n\t\t\t\t<h3 class=\"elementor-post__title\">\n\t\t\t<a href=\"https:\/\/via-cultura.sk\/en\/projekt\/memo-gym\/\" >\n\t\t\t\tMEMO GYM\t\t\t<\/a>\n\t\t<\/h3>\n\t\t\t\t<div class=\"elementor-post__meta-data\">\n\t\t\t\t\t<span class=\"elementor-post-date\">\n\t\t\t19. September 2022\t\t<\/span>\n\t\t\t\t<\/div>\n\t\t\t\t<div class=\"elementor-post__excerpt\">\n\t\t\t<p>Pripravujeme pre V\u00e1s nov\u00fd projekt pod n\u00e1zvom Memo gym, ktor\u00fd predstav\u00edme\u00a015. m\u00e1ja 2014 o 17.30 v Pisztoryho pal\u00e1ci na podujat\u00ed\u00a0Livefunding\u00a0z dielne Centra pre filantropiu,\u00a0na ktor\u00e9<\/p>\n\t\t<\/div>\n\t\t\n\t\t<a class=\"elementor-post__read-more\" href=\"https:\/\/via-cultura.sk\/en\/projekt\/memo-gym\/\" aria-label=\"Read more about MEMO GYM\" tabindex=\"-1\" >\n\t\t\tread more \u00bb\t\t<\/a>\n\n\t\t\t\t<\/div>\n\t\t\t\t<\/article>\n\t\t\t\t<article class=\"elementor-post elementor-grid-item post-292 projekt type-projekt status-publish hentry\">\n\t\t\t\t<div class=\"elementor-post__text\">\n\t\t\t\t<h3 class=\"elementor-post__title\">\n\t\t\t<a href=\"https:\/\/via-cultura.sk\/en\/projekt\/kolaboratorium\/\" >\n\t\t\t\tKolaborat\u00f3rium\t\t\t<\/a>\n\t\t<\/h3>\n\t\t\t\t<div class=\"elementor-post__meta-data\">\n\t\t\t\t\t<span class=\"elementor-post-date\">\n\t\t\t19. September 2022\t\t<\/span>\n\t\t\t\t<\/div>\n\t\t\t\t<div class=\"elementor-post__excerpt\">\n\t\t\t<p>Dlh\u00e9 roky, napriek otvoren\u00fdm hraniciam, \u010dlenstvu v E\u00da a\u00a0men\u0161ej jazykovej bari\u00e9re mladej gener\u00e1cie, zost\u00e1va slovensk\u00e1 kult\u00fara v\u00a0Eur\u00f3pe izolovan\u00e1 a\u00a0nepoznan\u00e1. Najm\u00e4 ak ju porovn\u00e1vame s priestorom,<\/p>\n\t\t<\/div>\n\t\t\n\t\t<a class=\"elementor-post__read-more\" href=\"https:\/\/via-cultura.sk\/en\/projekt\/kolaboratorium\/\" aria-label=\"Read more about Kolaborat\u00f3rium\" tabindex=\"-1\" >\n\t\t\tread more \u00bb\t\t<\/a>\n\n\t\t\t\t<\/div>\n\t\t\t\t<\/article>\n\t\t\t\t<\/div>\n\t\t\t\t\t<span class=\"e-load-more-spinner\">\n\t\t\t\t<i aria-hidden=\"true\" class=\"fas fa-spinner\"><\/i>\t\t\t<\/span>\n\t\t\n\t\t\t\t<div class=\"e-load-more-anchor\" data-page=\"1\" data-max-page=\"2\" data-next-page=\"https:\/\/via-cultura.sk\/en\/wp-json\/wp\/v2\/pages\/561\/page\/2\/\"><\/div>\n\t\t\t\t<div class=\"elementor-button-wrapper\">\n\t\t\t<a href=\"#\" class=\"elementor-button-link elementor-button\" role=\"button\">\n\t\t\t\t\t\t<span class=\"elementor-button-content-wrapper\">\n\t\t\t\t\t\t\t\t\t<span class=\"elementor-button-text\">Load more...<\/span>\n\t\t\t\t\t<\/span>\n\t\t\t\t\t<\/a>\n\t\t<\/div>\n\t\t\t\t<div class=\"e-load-more-message\">No more results to display<\/div>\n\t\t\t\t\t\t<\/div>\n\t\t\t\t<\/div>\n\t\t\t\t\t<\/div>\n\t\t<\/div>\n\t\t\t\t\t<\/div>\n\t\t<\/section>\n\t\t\t\t<\/div>\n\t\t","protected":false},"excerpt":{"rendered":"","protected":false},"author":1,"featured_media":0,"parent":0,"menu_order":0,"comment_status":"closed","ping_status":"closed","template":"","meta":{"footnotes":""},"class_list":["post-561","page","type-page","status-publish","hentry"],"_links":{"self":[{"href":"https:\/\/via-cultura.sk\/en\/wp-json\/wp\/v2\/pages\/561","targetHints":{"allow":["GET"]}}],"collection":[{"href":"https:\/\/via-cultura.sk\/en\/wp-json\/wp\/v2\/pages"}],"about":[{"href":"https:\/\/via-cultura.sk\/en\/wp-json\/wp\/v2\/types\/page"}],"author":[{"embeddable":true,"href":"https:\/\/via-cultura.sk\/en\/wp-json\/wp\/v2\/users\/1"}],"replies":[{"embeddable":true,"href":"https:\/\/via-cultura.sk\/en\/wp-json\/wp\/v2\/comments?post=561"}],"version-history":[{"count":4,"href":"https:\/\/via-cultura.sk\/en\/wp-json\/wp\/v2\/pages\/561\/revisions"}],"predecessor-version":[{"id":594,"href":"https:\/\/via-cultura.sk\/en\/wp-json\/wp\/v2\/pages\/561\/revisions\/594"}],"wp:attachment":[{"href":"https:\/\/via-cultura.sk\/en\/wp-json\/wp\/v2\/media?parent=561"}],"curies":[{"name":"wp","href":"https:\/\/api.w.org\/{rel}","templated":true}]}}