{"id":555,"date":"2022-09-14T08:05:46","date_gmt":"2022-09-14T06:05:46","guid":{"rendered":"https:\/\/via-cultura.sk\/library\/"},"modified":"2022-10-11T13:07:05","modified_gmt":"2022-10-11T11:07:05","slug":"library","status":"publish","type":"page","link":"https:\/\/via-cultura.sk\/en\/library\/","title":{"rendered":"Library"},"content":{"rendered":"\t\t<div data-elementor-type=\"wp-page\" data-elementor-id=\"555\" class=\"elementor elementor-555 elementor-32\" data-elementor-post-type=\"page\">\n\t\t\t\t\t\t<section class=\"elementor-section elementor-top-section elementor-element elementor-element-497615e elementor-section-boxed elementor-section-height-default elementor-section-height-default\" data-id=\"497615e\" data-element_type=\"section\">\n\t\t\t\t\t\t<div class=\"elementor-container elementor-column-gap-default\">\n\t\t\t\t\t<div class=\"elementor-column elementor-col-100 elementor-top-column elementor-element elementor-element-611d889\" data-id=\"611d889\" data-element_type=\"column\">\n\t\t\t<div class=\"elementor-widget-wrap elementor-element-populated\">\n\t\t\t\t\t\t<div class=\"elementor-element elementor-element-709cf4e elementor-grid-1 elementor-grid-tablet-1 elementor-grid-mobile-1 elementor-posts--thumbnail-top load-more-align-center elementor-widget elementor-widget-posts\" data-id=\"709cf4e\" data-element_type=\"widget\" data-settings=\"{&quot;classic_columns&quot;:&quot;1&quot;,&quot;classic_columns_tablet&quot;:&quot;1&quot;,&quot;pagination_type&quot;:&quot;load_more_on_click&quot;,&quot;classic_columns_mobile&quot;:&quot;1&quot;,&quot;classic_row_gap&quot;:{&quot;unit&quot;:&quot;px&quot;,&quot;size&quot;:35,&quot;sizes&quot;:[]},&quot;classic_row_gap_tablet&quot;:{&quot;unit&quot;:&quot;px&quot;,&quot;size&quot;:&quot;&quot;,&quot;sizes&quot;:[]},&quot;classic_row_gap_mobile&quot;:{&quot;unit&quot;:&quot;px&quot;,&quot;size&quot;:&quot;&quot;,&quot;sizes&quot;:[]},&quot;load_more_spinner&quot;:{&quot;value&quot;:&quot;fas fa-spinner&quot;,&quot;library&quot;:&quot;fa-solid&quot;}}\" data-widget_type=\"posts.classic\">\n\t\t\t\t<div class=\"elementor-widget-container\">\n\t\t\t\t\t\t\t<div class=\"elementor-posts-container elementor-posts elementor-posts--skin-classic elementor-grid\">\n\t\t\t\t<article class=\"elementor-post elementor-grid-item post-174 kniznica type-kniznica status-publish hentry\">\n\t\t\t\t<div class=\"elementor-post__text\">\n\t\t\t\t<h3 class=\"elementor-post__title\">\n\t\t\t<a href=\"https:\/\/via-cultura.sk\/en\/kniznica\/rukovat-slovenskej-kulturnej-politiky-iv\/\" >\n\t\t\t\tRUKOV\u00c4\u0164 SLOVENSKEJ KULT\u00daRNEJ POLITIKY IV.\t\t\t<\/a>\n\t\t<\/h3>\n\t\t\t\t<div class=\"elementor-post__meta-data\">\n\t\t\t\t\t<span class=\"elementor-post-date\">\n\t\t\t19. September 2022\t\t<\/span>\n\t\t\t\t<\/div>\n\t\t\t\t<div class=\"elementor-post__excerpt\">\n\t\t\t<p>Polo\u017eky z kni\u017enice Via Cultura s\u00fa k dispoz\u00edcii bu\u010f vo\u013ene na stiahnutie, pr\u00edpadne ako povinn\u00e9 v\u00fdtla\u010dky v Slovenskej n\u00e1rodnej kni\u017enici v Martine a Univerzitnej kni\u017enici<\/p>\n\t\t<\/div>\n\t\t\n\t\t<a class=\"elementor-post__read-more\" href=\"https:\/\/via-cultura.sk\/en\/kniznica\/rukovat-slovenskej-kulturnej-politiky-iv\/\" aria-label=\"Read more about RUKOV\u00c4\u0164 SLOVENSKEJ KULT\u00daRNEJ POLITIKY IV.\" tabindex=\"-1\" >\n\t\t\tread more \u00bb\t\t<\/a>\n\n\t\t\t\t<\/div>\n\t\t\t\t<\/article>\n\t\t\t\t<article class=\"elementor-post elementor-grid-item post-279 kniznica type-kniznica status-publish hentry\">\n\t\t\t\t<div class=\"elementor-post__text\">\n\t\t\t\t<h3 class=\"elementor-post__title\">\n\t\t\t<a href=\"https:\/\/via-cultura.sk\/en\/kniznica\/vzdelavanie-v-kulture-liek-proti-hlupnutiu\/\" >\n\t\t\t\tVzdel\u00e1vanie v kult\u00fare: liek proti hl\u00fapnutiu?\t\t\t<\/a>\n\t\t<\/h3>\n\t\t\t\t<div class=\"elementor-post__meta-data\">\n\t\t\t\t\t<span class=\"elementor-post-date\">\n\t\t\t19. September 2022\t\t<\/span>\n\t\t\t\t<\/div>\n\t\t\t\t<div class=\"elementor-post__excerpt\">\n\t\t\t<p>In\u0161tit\u00fat pre kult\u00farnu politiku (IKP) prin\u00e1\u0161a zborn\u00edk pr\u00edspevkov z konferencie \u201cVzdel\u00e1vanie v kult\u00fare: liek proti hl\u00fapnutiu?\u201d, ktor\u00e1 sa konala 13. j\u00fana 2017 v Bratislave. Medzi<\/p>\n\t\t<\/div>\n\t\t\n\t\t<a class=\"elementor-post__read-more\" href=\"https:\/\/via-cultura.sk\/en\/kniznica\/vzdelavanie-v-kulture-liek-proti-hlupnutiu\/\" aria-label=\"Read more about Vzdel\u00e1vanie v kult\u00fare: liek proti hl\u00fapnutiu?\" tabindex=\"-1\" >\n\t\t\tread more \u00bb\t\t<\/a>\n\n\t\t\t\t<\/div>\n\t\t\t\t<\/article>\n\t\t\t\t<article class=\"elementor-post elementor-grid-item post-277 kniznica type-kniznica status-publish hentry\">\n\t\t\t\t<div class=\"elementor-post__text\">\n\t\t\t\t<h3 class=\"elementor-post__title\">\n\t\t\t<a href=\"https:\/\/via-cultura.sk\/en\/kniznica\/rukovat-slovenskej-kulturnej-politiky-i-iii\/\" >\n\t\t\t\tRUKOV\u00c4\u0164 SLOVENSKEJ KULT\u00daRNEJ POLITIKY I. \u2013 III.\t\t\t<\/a>\n\t\t<\/h3>\n\t\t\t\t<div class=\"elementor-post__meta-data\">\n\t\t\t\t\t<span class=\"elementor-post-date\">\n\t\t\t19. September 2022\t\t<\/span>\n\t\t\t\t<\/div>\n\t\t\t\t<div class=\"elementor-post__excerpt\">\n\t\t\t<p>Polo\u017eky z kni\u017enice Via Cultura s\u00fa k dispoz\u00edcii bu\u010f vo\u013ene na stiahnutie, pr\u00edpadne ako povinn\u00e9 v\u00fdtla\u010dky v Slovenskej n\u00e1rodnej kni\u017enici v Martine a Univerzitnej kni\u017enici<\/p>\n\t\t<\/div>\n\t\t\n\t\t<a class=\"elementor-post__read-more\" href=\"https:\/\/via-cultura.sk\/en\/kniznica\/rukovat-slovenskej-kulturnej-politiky-i-iii\/\" aria-label=\"Read more about RUKOV\u00c4\u0164 SLOVENSKEJ KULT\u00daRNEJ POLITIKY I. \u2013 III.\" tabindex=\"-1\" >\n\t\t\tread more \u00bb\t\t<\/a>\n\n\t\t\t\t<\/div>\n\t\t\t\t<\/article>\n\t\t\t\t<article class=\"elementor-post elementor-grid-item post-275 kniznica type-kniznica status-publish hentry\">\n\t\t\t\t<div class=\"elementor-post__text\">\n\t\t\t\t<h3 class=\"elementor-post__title\">\n\t\t\t<a href=\"https:\/\/via-cultura.sk\/en\/kniznica\/kulturna-politika-slovenska-v-21-storoci\/\" >\n\t\t\t\tKult\u00farna politika Slovenska v 21. storo\u010d\u00ed\t\t\t<\/a>\n\t\t<\/h3>\n\t\t\t\t<div class=\"elementor-post__meta-data\">\n\t\t\t\t\t<span class=\"elementor-post-date\">\n\t\t\t19. September 2022\t\t<\/span>\n\t\t\t\t<\/div>\n\t\t\t\t<div class=\"elementor-post__excerpt\">\n\t\t\t<p>Polo\u017eky z kni\u017enice Via Cultura s\u00fa k dispoz\u00edcii bu\u010f vo\u013ene na stiahnutie, pr\u00edpadne ako povinn\u00e9 v\u00fdtla\u010dky v Slovenskej n\u00e1rodnej kni\u017enici v Martine a Univerzitnej kni\u017enici<\/p>\n\t\t<\/div>\n\t\t\n\t\t<a class=\"elementor-post__read-more\" href=\"https:\/\/via-cultura.sk\/en\/kniznica\/kulturna-politika-slovenska-v-21-storoci\/\" aria-label=\"Read more about Kult\u00farna politika Slovenska v 21. storo\u010d\u00ed\" tabindex=\"-1\" >\n\t\t\tread more \u00bb\t\t<\/a>\n\n\t\t\t\t<\/div>\n\t\t\t\t<\/article>\n\t\t\t\t<article class=\"elementor-post elementor-grid-item post-273 kniznica type-kniznica status-publish hentry\">\n\t\t\t\t<div class=\"elementor-post__text\">\n\t\t\t\t<h3 class=\"elementor-post__title\">\n\t\t\t<a href=\"https:\/\/via-cultura.sk\/en\/kniznica\/ziva-kultura-pochovani-pod-pamiatkami\/\" >\n\t\t\t\t\u017div\u00e1 kult\u00fara; Pochovan\u00ed pod pamiatkami\t\t\t<\/a>\n\t\t<\/h3>\n\t\t\t\t<div class=\"elementor-post__meta-data\">\n\t\t\t\t\t<span class=\"elementor-post-date\">\n\t\t\t19. September 2022\t\t<\/span>\n\t\t\t\t<\/div>\n\t\t\t\t<div class=\"elementor-post__excerpt\">\n\t\t\t<p>Polo\u017eky z kni\u017enice Via Cultura s\u00fa k dispoz\u00edcii bu\u010f vo\u013ene na stiahnutie, pr\u00edpadne ako povinn\u00e9 v\u00fdtla\u010dky v Slovenskej n\u00e1rodnej kni\u017enici v Martine a Univerzitnej kni\u017enici<\/p>\n\t\t<\/div>\n\t\t\n\t\t<a class=\"elementor-post__read-more\" href=\"https:\/\/via-cultura.sk\/en\/kniznica\/ziva-kultura-pochovani-pod-pamiatkami\/\" aria-label=\"Read more about \u017div\u00e1 kult\u00fara; Pochovan\u00ed pod pamiatkami\" tabindex=\"-1\" >\n\t\t\tread more \u00bb\t\t<\/a>\n\n\t\t\t\t<\/div>\n\t\t\t\t<\/article>\n\t\t\t\t<article class=\"elementor-post elementor-grid-item post-616 kniznica type-kniznica status-publish hentry\">\n\t\t\t\t<div class=\"elementor-post__text\">\n\t\t\t\t<h3 class=\"elementor-post__title\">\n\t\t\t<a href=\"https:\/\/via-cultura.sk\/en\/kniznica\/evaluation-of-the-added-value-of-the-unesco-brand-in-slovakia\/\" >\n\t\t\t\tEvaluation of the added value of the UNESCO brand in Slovakia\t\t\t<\/a>\n\t\t<\/h3>\n\t\t\t\t<div class=\"elementor-post__meta-data\">\n\t\t\t\t\t<span class=\"elementor-post-date\">\n\t\t\t19. September 2022\t\t<\/span>\n\t\t\t\t<\/div>\n\t\t\t\t<div class=\"elementor-post__excerpt\">\n\t\t\t\t\t<\/div>\n\t\t\n\t\t<a class=\"elementor-post__read-more\" href=\"https:\/\/via-cultura.sk\/en\/kniznica\/evaluation-of-the-added-value-of-the-unesco-brand-in-slovakia\/\" aria-label=\"Read more about Evaluation of the added value of the UNESCO brand in Slovakia\" tabindex=\"-1\" >\n\t\t\tread more \u00bb\t\t<\/a>\n\n\t\t\t\t<\/div>\n\t\t\t\t<\/article>\n\t\t\t\t<\/div>\n\t\t\t\t\t<span class=\"e-load-more-spinner\">\n\t\t\t\t<i aria-hidden=\"true\" class=\"fas fa-spinner\"><\/i>\t\t\t<\/span>\n\t\t\n\t\t\t\t\t\t<\/div>\n\t\t\t\t<\/div>\n\t\t\t\t\t<\/div>\n\t\t<\/div>\n\t\t\t\t\t<\/div>\n\t\t<\/section>\n\t\t\t\t<\/div>\n\t\t","protected":false},"excerpt":{"rendered":"","protected":false},"author":1,"featured_media":0,"parent":0,"menu_order":0,"comment_status":"closed","ping_status":"closed","template":"","meta":{"footnotes":""},"class_list":["post-555","page","type-page","status-publish","hentry"],"_links":{"self":[{"href":"https:\/\/via-cultura.sk\/en\/wp-json\/wp\/v2\/pages\/555","targetHints":{"allow":["GET"]}}],"collection":[{"href":"https:\/\/via-cultura.sk\/en\/wp-json\/wp\/v2\/pages"}],"about":[{"href":"https:\/\/via-cultura.sk\/en\/wp-json\/wp\/v2\/types\/page"}],"author":[{"embeddable":true,"href":"https:\/\/via-cultura.sk\/en\/wp-json\/wp\/v2\/users\/1"}],"replies":[{"embeddable":true,"href":"https:\/\/via-cultura.sk\/en\/wp-json\/wp\/v2\/comments?post=555"}],"version-history":[{"count":4,"href":"https:\/\/via-cultura.sk\/en\/wp-json\/wp\/v2\/pages\/555\/revisions"}],"predecessor-version":[{"id":591,"href":"https:\/\/via-cultura.sk\/en\/wp-json\/wp\/v2\/pages\/555\/revisions\/591"}],"wp:attachment":[{"href":"https:\/\/via-cultura.sk\/en\/wp-json\/wp\/v2\/media?parent=555"}],"curies":[{"name":"wp","href":"https:\/\/api.w.org\/{rel}","templated":true}]}}